{"id":410,"date":"2024-09-23T15:42:27","date_gmt":"2024-09-23T15:42:27","guid":{"rendered":"https:\/\/store.fonroque.o3creative.fr\/shop\/chateau-cartier-2022\/"},"modified":"2024-09-23T16:45:31","modified_gmt":"2024-09-23T16:45:31","slug":"chateau-cartier-2022","status":"publish","type":"product","link":"https:\/\/boutique.chateaufonroque.net\/en\/shop\/chateau-cartier-2022\/","title":{"rendered":"Ch\u00e2teau Cartier 2022"},"content":{"rendered":"<p>Delicate medium ruby. The Ch\u00e2teau Cartier 2022 unveils an aromatic complexity marked by kirsch notes, blueberry, with some almond and prune. After swirling, the notes reveals lilac and lilys scents. The attack is tonic and juicy, with a crispy texture and a fruity and lingering finish.<br \/>This wine offers an accessible and refined experience for the senses. Good storage potential.<\/p>\n","protected":false},"excerpt":{"rendered":"<p>Delicate medium ruby. The Ch\u00e2teau Cartier 2022 unveils an aromatic complexity marked by kirsch notes, blueberry, with some almond and prune. After swirling, the notes reveals lilac and lilys scents. The attack is tonic and juicy, with a crispy texture and a fruity and lingering finish.This wine offers an accessible and refined experience for the&hellip;<\/p>\n","protected":false},"featured_media":352,"template":"","meta":{"_acf_changed":false},"product_brand":[],"product_cat":[15],"product_tag":[],"class_list":{"0":"post-410","1":"product","2":"type-product","3":"status-publish","4":"has-post-thumbnail","6":"product_cat-uncategorized","7":"product_shipping_class-bouteilles-en","8":"description-off","10":"first","11":"instock","12":"featured","13":"taxable","14":"shipping-taxable","15":"purchasable","16":"product-type-simple"},"acf":[],"yoast_head":"<!-- This site is optimized with the Yoast SEO plugin v24.3 - https:\/\/yoast.com\/wordpress\/plugins\/seo\/ -->\n<title>Ch\u00e2teau Cartier 2022 - La Boutique Ch\u00e2teau Fonroque<\/title>\n<meta name=\"robots\" content=\"index, follow, max-snippet:-1, max-image-preview:large, max-video-preview:-1\" \/>\n<link rel=\"canonical\" href=\"https:\/\/boutique.chateaufonroque.net\/en\/shop\/chateau-cartier-2022\/\" \/>\n<meta property=\"og:locale\" content=\"en_US\" \/>\n<meta property=\"og:type\" content=\"article\" \/>\n<meta property=\"og:title\" content=\"Ch\u00e2teau Cartier 2022 - La Boutique Ch\u00e2teau Fonroque\" \/>\n<meta property=\"og:description\" content=\"Delicate medium ruby. The Ch\u00e2teau Cartier 2022 unveils an aromatic complexity marked by kirsch notes, blueberry, with some almond and prune. After swirling, the notes reveals lilac and lilys scents. The attack is tonic and juicy, with a crispy texture and a fruity and lingering finish.This wine offers an accessible and refined experience for the&hellip;\" \/>\n<meta property=\"og:url\" content=\"https:\/\/boutique.chateaufonroque.net\/en\/shop\/chateau-cartier-2022\/\" \/>\n<meta property=\"og:site_name\" content=\"La Boutique Ch\u00e2teau Fonroque\" \/>\n<meta property=\"article:modified_time\" content=\"2024-09-23T16:45:31+00:00\" \/>\n<meta property=\"og:image\" content=\"https:\/\/boutique.chateaufonroque.net\/wp-content\/uploads\/2024\/09\/cartier-2022.png\" \/>\n\t<meta property=\"og:image:width\" content=\"1684\" \/>\n\t<meta property=\"og:image:height\" content=\"2100\" \/>\n\t<meta property=\"og:image:type\" content=\"image\/png\" \/>\n<meta name=\"twitter:card\" content=\"summary_large_image\" \/>\n<script type=\"application\/ld+json\" class=\"yoast-schema-graph\">{\"@context\":\"https:\/\/schema.org\",\"@graph\":[{\"@type\":\"WebPage\",\"@id\":\"https:\/\/boutique.chateaufonroque.net\/en\/shop\/chateau-cartier-2022\/\",\"url\":\"https:\/\/boutique.chateaufonroque.net\/en\/shop\/chateau-cartier-2022\/\",\"name\":\"Ch\u00e2teau Cartier 2022 - La Boutique Ch\u00e2teau Fonroque\",\"isPartOf\":{\"@id\":\"https:\/\/boutique.chateaufonroque.net\/en\/#website\"},\"primaryImageOfPage\":{\"@id\":\"https:\/\/boutique.chateaufonroque.net\/en\/shop\/chateau-cartier-2022\/#primaryimage\"},\"image\":{\"@id\":\"https:\/\/boutique.chateaufonroque.net\/en\/shop\/chateau-cartier-2022\/#primaryimage\"},\"thumbnailUrl\":\"https:\/\/boutique.chateaufonroque.net\/wp-content\/uploads\/2024\/09\/cartier-2022.png\",\"datePublished\":\"2024-09-23T15:42:27+00:00\",\"dateModified\":\"2024-09-23T16:45:31+00:00\",\"breadcrumb\":{\"@id\":\"https:\/\/boutique.chateaufonroque.net\/en\/shop\/chateau-cartier-2022\/#breadcrumb\"},\"inLanguage\":\"en-US\",\"potentialAction\":[{\"@type\":\"ReadAction\",\"target\":[\"https:\/\/boutique.chateaufonroque.net\/en\/shop\/chateau-cartier-2022\/\"]}]},{\"@type\":\"ImageObject\",\"inLanguage\":\"en-US\",\"@id\":\"https:\/\/boutique.chateaufonroque.net\/en\/shop\/chateau-cartier-2022\/#primaryimage\",\"url\":\"https:\/\/boutique.chateaufonroque.net\/wp-content\/uploads\/2024\/09\/cartier-2022.png\",\"contentUrl\":\"https:\/\/boutique.chateaufonroque.net\/wp-content\/uploads\/2024\/09\/cartier-2022.png\",\"width\":1684,\"height\":2100},{\"@type\":\"BreadcrumbList\",\"@id\":\"https:\/\/boutique.chateaufonroque.net\/en\/shop\/chateau-cartier-2022\/#breadcrumb\",\"itemListElement\":[{\"@type\":\"ListItem\",\"position\":1,\"name\":\"Home\",\"item\":\"https:\/\/boutique.chateaufonroque.net\/en\/home\/\"},{\"@type\":\"ListItem\",\"position\":2,\"name\":\"Boutique\",\"item\":\"https:\/\/boutique.chateaufonroque.net\/en\/boutique\/\"},{\"@type\":\"ListItem\",\"position\":3,\"name\":\"Ch\u00e2teau Cartier 2022\"}]},{\"@type\":\"WebSite\",\"@id\":\"https:\/\/boutique.chateaufonroque.net\/en\/#website\",\"url\":\"https:\/\/boutique.chateaufonroque.net\/en\/\",\"name\":\"La boutique ch\u00e2teaux Fonroque\",\"description\":\"\",\"publisher\":{\"@id\":\"https:\/\/boutique.chateaufonroque.net\/en\/#organization\"},\"potentialAction\":[{\"@type\":\"SearchAction\",\"target\":{\"@type\":\"EntryPoint\",\"urlTemplate\":\"https:\/\/boutique.chateaufonroque.net\/en\/?s={search_term_string}\"},\"query-input\":{\"@type\":\"PropertyValueSpecification\",\"valueRequired\":true,\"valueName\":\"search_term_string\"}}],\"inLanguage\":\"en-US\"},{\"@type\":\"Organization\",\"@id\":\"https:\/\/boutique.chateaufonroque.net\/en\/#organization\",\"name\":\"La boutique ch\u00e2teaux Fonroque\",\"url\":\"https:\/\/boutique.chateaufonroque.net\/en\/\",\"logo\":{\"@type\":\"ImageObject\",\"inLanguage\":\"en-US\",\"@id\":\"https:\/\/boutique.chateaufonroque.net\/en\/#\/schema\/logo\/image\/\",\"url\":\"https:\/\/boutique.chateaufonroque.net\/wp-content\/uploads\/2024\/08\/logo_chateau_fonroque_main_retina.png\",\"contentUrl\":\"https:\/\/boutique.chateaufonroque.net\/wp-content\/uploads\/2024\/08\/logo_chateau_fonroque_main_retina.png\",\"width\":492,\"height\":120,\"caption\":\"La boutique ch\u00e2teaux Fonroque\"},\"image\":{\"@id\":\"https:\/\/boutique.chateaufonroque.net\/en\/#\/schema\/logo\/image\/\"}}]}<\/script>\n<!-- \/ Yoast SEO plugin. -->","yoast_head_json":{"title":"Ch\u00e2teau Cartier 2022 - La Boutique Ch\u00e2teau Fonroque","robots":{"index":"index","follow":"follow","max-snippet":"max-snippet:-1","max-image-preview":"max-image-preview:large","max-video-preview":"max-video-preview:-1"},"canonical":"https:\/\/boutique.chateaufonroque.net\/en\/shop\/chateau-cartier-2022\/","og_locale":"en_US","og_type":"article","og_title":"Ch\u00e2teau Cartier 2022 - La Boutique Ch\u00e2teau Fonroque","og_description":"Delicate medium ruby. The Ch\u00e2teau Cartier 2022 unveils an aromatic complexity marked by kirsch notes, blueberry, with some almond and prune. After swirling, the notes reveals lilac and lilys scents. The attack is tonic and juicy, with a crispy texture and a fruity and lingering finish.This wine offers an accessible and refined experience for the&hellip;","og_url":"https:\/\/boutique.chateaufonroque.net\/en\/shop\/chateau-cartier-2022\/","og_site_name":"La Boutique Ch\u00e2teau Fonroque","article_modified_time":"2024-09-23T16:45:31+00:00","og_image":[{"width":1684,"height":2100,"url":"https:\/\/boutique.chateaufonroque.net\/wp-content\/uploads\/2024\/09\/cartier-2022.png","type":"image\/png"}],"twitter_card":"summary_large_image","schema":{"@context":"https:\/\/schema.org","@graph":[{"@type":"WebPage","@id":"https:\/\/boutique.chateaufonroque.net\/en\/shop\/chateau-cartier-2022\/","url":"https:\/\/boutique.chateaufonroque.net\/en\/shop\/chateau-cartier-2022\/","name":"Ch\u00e2teau Cartier 2022 - La Boutique Ch\u00e2teau Fonroque","isPartOf":{"@id":"https:\/\/boutique.chateaufonroque.net\/en\/#website"},"primaryImageOfPage":{"@id":"https:\/\/boutique.chateaufonroque.net\/en\/shop\/chateau-cartier-2022\/#primaryimage"},"image":{"@id":"https:\/\/boutique.chateaufonroque.net\/en\/shop\/chateau-cartier-2022\/#primaryimage"},"thumbnailUrl":"https:\/\/boutique.chateaufonroque.net\/wp-content\/uploads\/2024\/09\/cartier-2022.png","datePublished":"2024-09-23T15:42:27+00:00","dateModified":"2024-09-23T16:45:31+00:00","breadcrumb":{"@id":"https:\/\/boutique.chateaufonroque.net\/en\/shop\/chateau-cartier-2022\/#breadcrumb"},"inLanguage":"en-US","potentialAction":[{"@type":"ReadAction","target":["https:\/\/boutique.chateaufonroque.net\/en\/shop\/chateau-cartier-2022\/"]}]},{"@type":"ImageObject","inLanguage":"en-US","@id":"https:\/\/boutique.chateaufonroque.net\/en\/shop\/chateau-cartier-2022\/#primaryimage","url":"https:\/\/boutique.chateaufonroque.net\/wp-content\/uploads\/2024\/09\/cartier-2022.png","contentUrl":"https:\/\/boutique.chateaufonroque.net\/wp-content\/uploads\/2024\/09\/cartier-2022.png","width":1684,"height":2100},{"@type":"BreadcrumbList","@id":"https:\/\/boutique.chateaufonroque.net\/en\/shop\/chateau-cartier-2022\/#breadcrumb","itemListElement":[{"@type":"ListItem","position":1,"name":"Home","item":"https:\/\/boutique.chateaufonroque.net\/en\/home\/"},{"@type":"ListItem","position":2,"name":"Boutique","item":"https:\/\/boutique.chateaufonroque.net\/en\/boutique\/"},{"@type":"ListItem","position":3,"name":"Ch\u00e2teau Cartier 2022"}]},{"@type":"WebSite","@id":"https:\/\/boutique.chateaufonroque.net\/en\/#website","url":"https:\/\/boutique.chateaufonroque.net\/en\/","name":"La boutique ch\u00e2teaux Fonroque","description":"","publisher":{"@id":"https:\/\/boutique.chateaufonroque.net\/en\/#organization"},"potentialAction":[{"@type":"SearchAction","target":{"@type":"EntryPoint","urlTemplate":"https:\/\/boutique.chateaufonroque.net\/en\/?s={search_term_string}"},"query-input":{"@type":"PropertyValueSpecification","valueRequired":true,"valueName":"search_term_string"}}],"inLanguage":"en-US"},{"@type":"Organization","@id":"https:\/\/boutique.chateaufonroque.net\/en\/#organization","name":"La boutique ch\u00e2teaux Fonroque","url":"https:\/\/boutique.chateaufonroque.net\/en\/","logo":{"@type":"ImageObject","inLanguage":"en-US","@id":"https:\/\/boutique.chateaufonroque.net\/en\/#\/schema\/logo\/image\/","url":"https:\/\/boutique.chateaufonroque.net\/wp-content\/uploads\/2024\/08\/logo_chateau_fonroque_main_retina.png","contentUrl":"https:\/\/boutique.chateaufonroque.net\/wp-content\/uploads\/2024\/08\/logo_chateau_fonroque_main_retina.png","width":492,"height":120,"caption":"La boutique ch\u00e2teaux Fonroque"},"image":{"@id":"https:\/\/boutique.chateaufonroque.net\/en\/#\/schema\/logo\/image\/"}}]}},"_links":{"self":[{"href":"https:\/\/boutique.chateaufonroque.net\/en\/wp-json\/wp\/v2\/product\/410","targetHints":{"allow":["GET"]}}],"collection":[{"href":"https:\/\/boutique.chateaufonroque.net\/en\/wp-json\/wp\/v2\/product"}],"about":[{"href":"https:\/\/boutique.chateaufonroque.net\/en\/wp-json\/wp\/v2\/types\/product"}],"wp:featuredmedia":[{"embeddable":true,"href":"https:\/\/boutique.chateaufonroque.net\/en\/wp-json\/wp\/v2\/media\/352"}],"wp:attachment":[{"href":"https:\/\/boutique.chateaufonroque.net\/en\/wp-json\/wp\/v2\/media?parent=410"}],"wp:term":[{"taxonomy":"product_brand","embeddable":true,"href":"https:\/\/boutique.chateaufonroque.net\/en\/wp-json\/wp\/v2\/product_brand?post=410"},{"taxonomy":"product_cat","embeddable":true,"href":"https:\/\/boutique.chateaufonroque.net\/en\/wp-json\/wp\/v2\/product_cat?post=410"},{"taxonomy":"product_tag","embeddable":true,"href":"https:\/\/boutique.chateaufonroque.net\/en\/wp-json\/wp\/v2\/product_tag?post=410"}],"curies":[{"name":"wp","href":"https:\/\/api.w.org\/{rel}","templated":true}]}}